{"id":48295,"date":"2023-10-03T19:11:10","date_gmt":"2023-10-03T16:11:10","guid":{"rendered":"https:\/\/teksilindirkapak.com\/?page_id=48295"},"modified":"2023-10-03T19:24:27","modified_gmt":"2023-10-03T16:24:27","slug":"silindir-kapak-revizyonu","status":"publish","type":"page","link":"https:\/\/teksilindirkapak.com\/index.php\/hizmetlerimiz\/silindir-kapak-revizyonu\/","title":{"rendered":"Silindir Kapak Revizyonu"},"content":{"rendered":"\t\t<div data-elementor-type=\"wp-page\" data-elementor-id=\"48295\" class=\"elementor elementor-48295\" data-elementor-post-type=\"page\">\n\t\t\t\t\t\t\t<div class=\"elementor-element elementor-element-0107821 e-flex e-con-boxed e-con e-parent\" data-id=\"0107821\" data-element_type=\"container\" data-settings=\"{&quot;content_width&quot;:&quot;boxed&quot;}\" data-core-v316-plus=\"true\">\n\t\t\t\t\t<div class=\"e-con-inner\">\n\t\t<div class=\"elementor-element elementor-element-d1e26de e-con-full e-flex e-con e-child\" data-id=\"d1e26de\" data-element_type=\"container\" data-settings=\"{&quot;content_width&quot;:&quot;full&quot;}\">\n\t\t\t\t<div class=\"elementor-element elementor-element-f12c517 elementor-widget elementor-widget-image\" data-id=\"f12c517\" data-element_type=\"widget\" data-widget_type=\"image.default\">\n\t\t\t\t<div class=\"elementor-widget-container\">\n\t\t\t<style>\/*! elementor - v3.16.0 - 20-09-2023 *\/\n.elementor-widget-image{text-align:center}.elementor-widget-image a{display:inline-block}.elementor-widget-image a img[src$=\".svg\"]{width:48px}.elementor-widget-image img{vertical-align:middle;display:inline-block}<\/style>\t\t\t\t\t\t\t\t\t\t\t\t<img loading=\"lazy\" decoding=\"async\" width=\"1024\" height=\"1024\" src=\"https:\/\/teksilindirkapak.com\/wp-content\/uploads\/2023\/10\/tek-silindir-kapak-009-1024x1024.jpg\" class=\"attachment-large size-large wp-image-48336\" alt=\"\" srcset=\"https:\/\/teksilindirkapak.com\/wp-content\/uploads\/2023\/10\/tek-silindir-kapak-009-1024x1024.jpg 1024w, https:\/\/teksilindirkapak.com\/wp-content\/uploads\/2023\/10\/tek-silindir-kapak-009-300x300.jpg 300w, https:\/\/teksilindirkapak.com\/wp-content\/uploads\/2023\/10\/tek-silindir-kapak-009-150x150.jpg 150w, https:\/\/teksilindirkapak.com\/wp-content\/uploads\/2023\/10\/tek-silindir-kapak-009-768x768.jpg 768w, https:\/\/teksilindirkapak.com\/wp-content\/uploads\/2023\/10\/tek-silindir-kapak-009-1536x1536.jpg 1536w, https:\/\/teksilindirkapak.com\/wp-content\/uploads\/2023\/10\/tek-silindir-kapak-009-2048x2048.jpg 2048w, https:\/\/teksilindirkapak.com\/wp-content\/uploads\/2023\/10\/tek-silindir-kapak-009-550x550.jpg 550w, https:\/\/teksilindirkapak.com\/wp-content\/uploads\/2023\/10\/tek-silindir-kapak-009-1100x1100.jpg 1100w, https:\/\/teksilindirkapak.com\/wp-content\/uploads\/2023\/10\/tek-silindir-kapak-009-600x600.jpg 600w, https:\/\/teksilindirkapak.com\/wp-content\/uploads\/2023\/10\/tek-silindir-kapak-009-100x100.jpg 100w\" sizes=\"auto, (max-width: 1024px) 100vw, 1024px\" \/>\t\t\t\t\t\t\t\t\t\t\t\t\t\t\t<\/div>\n\t\t\t\t<\/div>\n\t\t\t\t<\/div>\n\t\t<div class=\"elementor-element elementor-element-1ad02b9 e-con-full e-flex e-con e-child\" data-id=\"1ad02b9\" data-element_type=\"container\" data-settings=\"{&quot;content_width&quot;:&quot;full&quot;}\">\n\t\t\t\t<div class=\"elementor-element elementor-element-b56b1f4 elementor-widget elementor-widget-text-editor\" data-id=\"b56b1f4\" data-element_type=\"widget\" data-widget_type=\"text-editor.default\">\n\t\t\t\t<div class=\"elementor-widget-container\">\n\t\t\t<style>\/*! elementor - v3.16.0 - 20-09-2023 *\/\n.elementor-widget-text-editor.elementor-drop-cap-view-stacked .elementor-drop-cap{background-color:#69727d;color:#fff}.elementor-widget-text-editor.elementor-drop-cap-view-framed .elementor-drop-cap{color:#69727d;border:3px solid;background-color:transparent}.elementor-widget-text-editor:not(.elementor-drop-cap-view-default) .elementor-drop-cap{margin-top:8px}.elementor-widget-text-editor:not(.elementor-drop-cap-view-default) .elementor-drop-cap-letter{width:1em;height:1em}.elementor-widget-text-editor .elementor-drop-cap{float:left;text-align:center;line-height:1;font-size:50px}.elementor-widget-text-editor .elementor-drop-cap-letter{display:inline-block}<\/style>\t\t\t\t<p><span>Silindir kapa\u011f\u0131 revizyonu silindir kapa\u011f\u0131n\u0131n hasarl\u0131 veya eskimi\u015f par\u00e7alar\u0131n\u0131 yenilemek, motorun \u00e7al\u0131\u015fma performans\u0131n\u0131 art\u0131rmak, yak\u0131t verimlili\u011fini sa\u011flamak, emisyonlar\u0131 azaltmak amac\u0131yla ger\u00e7ekle\u015ftirilebilir.<\/span><\/p>\t\t\t\t\t\t<\/div>\n\t\t\t\t<\/div>\n\t\t\t\t<\/div>\n\t\t\t\t\t<\/div>\n\t\t\t\t<\/div>\n\t\t\t\t\t\t\t<\/div>\n\t\t","protected":false},"excerpt":{"rendered":"<p>Silindir kapa\u011f\u0131 revizyonu silindir kapa\u011f\u0131n\u0131n hasarl\u0131 veya eskimi\u015f par\u00e7alar\u0131n\u0131 yenilemek, motorun \u00e7al\u0131\u015fma performans\u0131n\u0131 art\u0131rmak, yak\u0131t verimlili\u011fini sa\u011flamak, emisyonlar\u0131 azaltmak amac\u0131yla&#8230;<\/p>\n","protected":false},"author":1,"featured_media":0,"parent":48293,"menu_order":0,"comment_status":"closed","ping_status":"closed","template":"","meta":{"footnotes":""},"class_list":["post-48295","page","type-page","status-publish","hentry"],"_links":{"self":[{"href":"https:\/\/teksilindirkapak.com\/index.php\/wp-json\/wp\/v2\/pages\/48295","targetHints":{"allow":["GET"]}}],"collection":[{"href":"https:\/\/teksilindirkapak.com\/index.php\/wp-json\/wp\/v2\/pages"}],"about":[{"href":"https:\/\/teksilindirkapak.com\/index.php\/wp-json\/wp\/v2\/types\/page"}],"author":[{"embeddable":true,"href":"https:\/\/teksilindirkapak.com\/index.php\/wp-json\/wp\/v2\/users\/1"}],"replies":[{"embeddable":true,"href":"https:\/\/teksilindirkapak.com\/index.php\/wp-json\/wp\/v2\/comments?post=48295"}],"version-history":[{"count":4,"href":"https:\/\/teksilindirkapak.com\/index.php\/wp-json\/wp\/v2\/pages\/48295\/revisions"}],"predecessor-version":[{"id":48354,"href":"https:\/\/teksilindirkapak.com\/index.php\/wp-json\/wp\/v2\/pages\/48295\/revisions\/48354"}],"up":[{"embeddable":true,"href":"https:\/\/teksilindirkapak.com\/index.php\/wp-json\/wp\/v2\/pages\/48293"}],"wp:attachment":[{"href":"https:\/\/teksilindirkapak.com\/index.php\/wp-json\/wp\/v2\/media?parent=48295"}],"curies":[{"name":"wp","href":"https:\/\/api.w.org\/{rel}","templated":true}]}}