{"id":48301,"date":"2023-10-03T19:12:22","date_gmt":"2023-10-03T16:12:22","guid":{"rendered":"https:\/\/teksilindirkapak.com\/?page_id=48301"},"modified":"2023-10-03T19:32:37","modified_gmt":"2023-10-03T16:32:37","slug":"motor-blogu-dikis-kaynak-yapimi","status":"publish","type":"page","link":"https:\/\/teksilindirkapak.com\/index.php\/hizmetlerimiz\/motor-blogu-dikis-kaynak-yapimi\/","title":{"rendered":"Motor Blo\u011fu Diki\u015f Kaynak Yap\u0131m\u0131"},"content":{"rendered":"\t\t<div data-elementor-type=\"wp-page\" data-elementor-id=\"48301\" class=\"elementor elementor-48301\" data-elementor-post-type=\"page\">\n\t\t\t\t\t\t\t<div class=\"elementor-element elementor-element-80a7257 e-flex e-con-boxed e-con e-parent\" data-id=\"80a7257\" data-element_type=\"container\" data-settings=\"{&quot;content_width&quot;:&quot;boxed&quot;}\" data-core-v316-plus=\"true\">\n\t\t\t\t\t<div class=\"e-con-inner\">\n\t\t<div class=\"elementor-element elementor-element-8807d96 e-con-full e-flex e-con e-child\" data-id=\"8807d96\" data-element_type=\"container\" data-settings=\"{&quot;content_width&quot;:&quot;full&quot;}\">\n\t\t\t\t<div class=\"elementor-element elementor-element-4793369 elementor-widget elementor-widget-image\" data-id=\"4793369\" data-element_type=\"widget\" data-widget_type=\"image.default\">\n\t\t\t\t<div class=\"elementor-widget-container\">\n\t\t\t<style>\/*! elementor - v3.16.0 - 20-09-2023 *\/\n.elementor-widget-image{text-align:center}.elementor-widget-image a{display:inline-block}.elementor-widget-image a img[src$=\".svg\"]{width:48px}.elementor-widget-image img{vertical-align:middle;display:inline-block}<\/style>\t\t\t\t\t\t\t\t\t\t\t\t<img loading=\"lazy\" decoding=\"async\" width=\"1024\" height=\"614\" src=\"https:\/\/teksilindirkapak.com\/wp-content\/uploads\/2023\/10\/tek-silindir-kapak-12-1024x614.jpg\" class=\"attachment-large size-large wp-image-48370\" alt=\"\" srcset=\"https:\/\/teksilindirkapak.com\/wp-content\/uploads\/2023\/10\/tek-silindir-kapak-12-1024x614.jpg 1024w, https:\/\/teksilindirkapak.com\/wp-content\/uploads\/2023\/10\/tek-silindir-kapak-12-300x180.jpg 300w, https:\/\/teksilindirkapak.com\/wp-content\/uploads\/2023\/10\/tek-silindir-kapak-12-768x461.jpg 768w, https:\/\/teksilindirkapak.com\/wp-content\/uploads\/2023\/10\/tek-silindir-kapak-12-600x360.jpg 600w, https:\/\/teksilindirkapak.com\/wp-content\/uploads\/2023\/10\/tek-silindir-kapak-12.jpg 1500w\" sizes=\"auto, (max-width: 1024px) 100vw, 1024px\" \/>\t\t\t\t\t\t\t\t\t\t\t\t\t\t\t<\/div>\n\t\t\t\t<\/div>\n\t\t\t\t<\/div>\n\t\t<div class=\"elementor-element elementor-element-ee9e8e4 e-con-full e-flex e-con e-child\" data-id=\"ee9e8e4\" data-element_type=\"container\" data-settings=\"{&quot;content_width&quot;:&quot;full&quot;}\">\n\t\t\t\t<div class=\"elementor-element elementor-element-13c16d7 elementor-widget elementor-widget-text-editor\" data-id=\"13c16d7\" data-element_type=\"widget\" data-widget_type=\"text-editor.default\">\n\t\t\t\t<div class=\"elementor-widget-container\">\n\t\t\t<style>\/*! elementor - v3.16.0 - 20-09-2023 *\/\n.elementor-widget-text-editor.elementor-drop-cap-view-stacked .elementor-drop-cap{background-color:#69727d;color:#fff}.elementor-widget-text-editor.elementor-drop-cap-view-framed .elementor-drop-cap{color:#69727d;border:3px solid;background-color:transparent}.elementor-widget-text-editor:not(.elementor-drop-cap-view-default) .elementor-drop-cap{margin-top:8px}.elementor-widget-text-editor:not(.elementor-drop-cap-view-default) .elementor-drop-cap-letter{width:1em;height:1em}.elementor-widget-text-editor .elementor-drop-cap{float:left;text-align:center;line-height:1;font-size:50px}.elementor-widget-text-editor .elementor-drop-cap-letter{display:inline-block}<\/style>\t\t\t\t<p><span>Motor Blo\u011funda olu\u015fabilecek muhtelif \u00e7atlak ve k\u0131r\u0131lmalar\u0131n diki\u015f ve Kaynak i\u015flemidir.<\/span><\/p>\t\t\t\t\t\t<\/div>\n\t\t\t\t<\/div>\n\t\t\t\t<\/div>\n\t\t\t\t\t<\/div>\n\t\t\t\t<\/div>\n\t\t\t\t\t\t\t<\/div>\n\t\t","protected":false},"excerpt":{"rendered":"<p>Motor Blo\u011funda olu\u015fabilecek muhtelif \u00e7atlak ve k\u0131r\u0131lmalar\u0131n diki\u015f ve Kaynak i\u015flemidir.<\/p>\n","protected":false},"author":1,"featured_media":0,"parent":48293,"menu_order":0,"comment_status":"closed","ping_status":"closed","template":"","meta":{"footnotes":""},"class_list":["post-48301","page","type-page","status-publish","hentry"],"_links":{"self":[{"href":"https:\/\/teksilindirkapak.com\/index.php\/wp-json\/wp\/v2\/pages\/48301","targetHints":{"allow":["GET"]}}],"collection":[{"href":"https:\/\/teksilindirkapak.com\/index.php\/wp-json\/wp\/v2\/pages"}],"about":[{"href":"https:\/\/teksilindirkapak.com\/index.php\/wp-json\/wp\/v2\/types\/page"}],"author":[{"embeddable":true,"href":"https:\/\/teksilindirkapak.com\/index.php\/wp-json\/wp\/v2\/users\/1"}],"replies":[{"embeddable":true,"href":"https:\/\/teksilindirkapak.com\/index.php\/wp-json\/wp\/v2\/comments?post=48301"}],"version-history":[{"count":4,"href":"https:\/\/teksilindirkapak.com\/index.php\/wp-json\/wp\/v2\/pages\/48301\/revisions"}],"predecessor-version":[{"id":48373,"href":"https:\/\/teksilindirkapak.com\/index.php\/wp-json\/wp\/v2\/pages\/48301\/revisions\/48373"}],"up":[{"embeddable":true,"href":"https:\/\/teksilindirkapak.com\/index.php\/wp-json\/wp\/v2\/pages\/48293"}],"wp:attachment":[{"href":"https:\/\/teksilindirkapak.com\/index.php\/wp-json\/wp\/v2\/media?parent=48301"}],"curies":[{"name":"wp","href":"https:\/\/api.w.org\/{rel}","templated":true}]}}