{"id":48303,"date":"2023-10-03T19:12:37","date_gmt":"2023-10-03T16:12:37","guid":{"rendered":"https:\/\/teksilindirkapak.com\/?page_id=48303"},"modified":"2023-10-03T19:34:06","modified_gmt":"2023-10-03T16:34:06","slug":"enjektor-bakir-degisimi","status":"publish","type":"page","link":"https:\/\/teksilindirkapak.com\/index.php\/hizmetlerimiz\/enjektor-bakir-degisimi\/","title":{"rendered":"Enjekt\u00f6r Bak\u0131r De\u011fi\u015fimi"},"content":{"rendered":"\t\t<div data-elementor-type=\"wp-page\" data-elementor-id=\"48303\" class=\"elementor elementor-48303\" data-elementor-post-type=\"page\">\n\t\t\t\t\t\t\t<div class=\"elementor-element elementor-element-be6a2ba e-flex e-con-boxed e-con e-parent\" data-id=\"be6a2ba\" data-element_type=\"container\" data-settings=\"{&quot;content_width&quot;:&quot;boxed&quot;}\" data-core-v316-plus=\"true\">\n\t\t\t\t\t<div class=\"e-con-inner\">\n\t\t<div class=\"elementor-element elementor-element-255f471 e-con-full e-flex e-con e-child\" data-id=\"255f471\" data-element_type=\"container\" data-settings=\"{&quot;content_width&quot;:&quot;full&quot;}\">\n\t\t\t\t<div class=\"elementor-element elementor-element-239d117 elementor-widget elementor-widget-image\" data-id=\"239d117\" data-element_type=\"widget\" data-widget_type=\"image.default\">\n\t\t\t\t<div class=\"elementor-widget-container\">\n\t\t\t<style>\/*! elementor - v3.16.0 - 20-09-2023 *\/\n.elementor-widget-image{text-align:center}.elementor-widget-image a{display:inline-block}.elementor-widget-image a img[src$=\".svg\"]{width:48px}.elementor-widget-image img{vertical-align:middle;display:inline-block}<\/style>\t\t\t\t\t\t\t\t\t\t\t\t<img loading=\"lazy\" decoding=\"async\" width=\"1024\" height=\"683\" src=\"https:\/\/teksilindirkapak.com\/wp-content\/uploads\/2023\/10\/enjektor-bakim-degisim-1024x683.jpg\" class=\"attachment-large size-large wp-image-48374\" alt=\"\" srcset=\"https:\/\/teksilindirkapak.com\/wp-content\/uploads\/2023\/10\/enjektor-bakim-degisim-1024x683.jpg 1024w, https:\/\/teksilindirkapak.com\/wp-content\/uploads\/2023\/10\/enjektor-bakim-degisim-300x200.jpg 300w, https:\/\/teksilindirkapak.com\/wp-content\/uploads\/2023\/10\/enjektor-bakim-degisim-768x512.jpg 768w, https:\/\/teksilindirkapak.com\/wp-content\/uploads\/2023\/10\/enjektor-bakim-degisim-1536x1024.jpg 1536w, https:\/\/teksilindirkapak.com\/wp-content\/uploads\/2023\/10\/enjektor-bakim-degisim-2048x1365.jpg 2048w, https:\/\/teksilindirkapak.com\/wp-content\/uploads\/2023\/10\/enjektor-bakim-degisim-672x448.jpg 672w, https:\/\/teksilindirkapak.com\/wp-content\/uploads\/2023\/10\/enjektor-bakim-degisim-600x400.jpg 600w\" sizes=\"auto, (max-width: 1024px) 100vw, 1024px\" \/>\t\t\t\t\t\t\t\t\t\t\t\t\t\t\t<\/div>\n\t\t\t\t<\/div>\n\t\t\t\t<\/div>\n\t\t<div class=\"elementor-element elementor-element-9487d92 e-con-full e-flex e-con e-child\" data-id=\"9487d92\" data-element_type=\"container\" data-settings=\"{&quot;content_width&quot;:&quot;full&quot;}\">\n\t\t\t\t<div class=\"elementor-element elementor-element-53f0abc elementor-widget elementor-widget-text-editor\" data-id=\"53f0abc\" data-element_type=\"widget\" data-widget_type=\"text-editor.default\">\n\t\t\t\t<div class=\"elementor-widget-container\">\n\t\t\t<style>\/*! elementor - v3.16.0 - 20-09-2023 *\/\n.elementor-widget-text-editor.elementor-drop-cap-view-stacked .elementor-drop-cap{background-color:#69727d;color:#fff}.elementor-widget-text-editor.elementor-drop-cap-view-framed .elementor-drop-cap{color:#69727d;border:3px solid;background-color:transparent}.elementor-widget-text-editor:not(.elementor-drop-cap-view-default) .elementor-drop-cap{margin-top:8px}.elementor-widget-text-editor:not(.elementor-drop-cap-view-default) .elementor-drop-cap-letter{width:1em;height:1em}.elementor-widget-text-editor .elementor-drop-cap{float:left;text-align:center;line-height:1;font-size:50px}.elementor-widget-text-editor .elementor-drop-cap-letter{display:inline-block}<\/style>\t\t\t\t<p><span>Motor enjekt\u00f6rlerinin so\u011futulmas\u0131n\u0131 sa\u011flayan enjekt\u00f6r bak\u0131rlar\u0131n\u0131n de\u011fi\u015fimi i\u015flemidir<\/span><\/p>\t\t\t\t\t\t<\/div>\n\t\t\t\t<\/div>\n\t\t\t\t<\/div>\n\t\t\t\t\t<\/div>\n\t\t\t\t<\/div>\n\t\t\t\t\t\t\t<\/div>\n\t\t","protected":false},"excerpt":{"rendered":"<p>Motor enjekt\u00f6rlerinin so\u011futulmas\u0131n\u0131 sa\u011flayan enjekt\u00f6r bak\u0131rlar\u0131n\u0131n de\u011fi\u015fimi i\u015flemidir<\/p>\n","protected":false},"author":1,"featured_media":0,"parent":48293,"menu_order":0,"comment_status":"closed","ping_status":"closed","template":"","meta":{"footnotes":""},"class_list":["post-48303","page","type-page","status-publish","hentry"],"_links":{"self":[{"href":"https:\/\/teksilindirkapak.com\/index.php\/wp-json\/wp\/v2\/pages\/48303","targetHints":{"allow":["GET"]}}],"collection":[{"href":"https:\/\/teksilindirkapak.com\/index.php\/wp-json\/wp\/v2\/pages"}],"about":[{"href":"https:\/\/teksilindirkapak.com\/index.php\/wp-json\/wp\/v2\/types\/page"}],"author":[{"embeddable":true,"href":"https:\/\/teksilindirkapak.com\/index.php\/wp-json\/wp\/v2\/users\/1"}],"replies":[{"embeddable":true,"href":"https:\/\/teksilindirkapak.com\/index.php\/wp-json\/wp\/v2\/comments?post=48303"}],"version-history":[{"count":4,"href":"https:\/\/teksilindirkapak.com\/index.php\/wp-json\/wp\/v2\/pages\/48303\/revisions"}],"predecessor-version":[{"id":48377,"href":"https:\/\/teksilindirkapak.com\/index.php\/wp-json\/wp\/v2\/pages\/48303\/revisions\/48377"}],"up":[{"embeddable":true,"href":"https:\/\/teksilindirkapak.com\/index.php\/wp-json\/wp\/v2\/pages\/48293"}],"wp:attachment":[{"href":"https:\/\/teksilindirkapak.com\/index.php\/wp-json\/wp\/v2\/media?parent=48303"}],"curies":[{"name":"wp","href":"https:\/\/api.w.org\/{rel}","templated":true}]}}