{"id":48309,"date":"2023-10-03T19:13:23","date_gmt":"2023-10-03T16:13:23","guid":{"rendered":"https:\/\/teksilindirkapak.com\/?page_id=48309"},"modified":"2023-10-03T19:36:24","modified_gmt":"2023-10-03T16:36:24","slug":"helicoil-yapimi","status":"publish","type":"page","link":"https:\/\/teksilindirkapak.com\/index.php\/hizmetlerimiz\/helicoil-yapimi\/","title":{"rendered":"Helicoil Yap\u0131m\u0131"},"content":{"rendered":"\t\t<div data-elementor-type=\"wp-page\" data-elementor-id=\"48309\" class=\"elementor elementor-48309\" data-elementor-post-type=\"page\">\n\t\t\t\t\t\t\t<div class=\"elementor-element elementor-element-ac8650f e-flex e-con-boxed e-con e-parent\" data-id=\"ac8650f\" data-element_type=\"container\" data-settings=\"{&quot;content_width&quot;:&quot;boxed&quot;}\" data-core-v316-plus=\"true\">\n\t\t\t\t\t<div class=\"e-con-inner\">\n\t\t<div class=\"elementor-element elementor-element-cd58273 e-con-full e-flex e-con e-child\" data-id=\"cd58273\" data-element_type=\"container\" data-settings=\"{&quot;content_width&quot;:&quot;full&quot;}\">\n\t\t\t\t<div class=\"elementor-element elementor-element-99efe7f elementor-widget elementor-widget-image\" data-id=\"99efe7f\" data-element_type=\"widget\" data-widget_type=\"image.default\">\n\t\t\t\t<div class=\"elementor-widget-container\">\n\t\t\t<style>\/*! elementor - v3.16.0 - 20-09-2023 *\/\n.elementor-widget-image{text-align:center}.elementor-widget-image a{display:inline-block}.elementor-widget-image a img[src$=\".svg\"]{width:48px}.elementor-widget-image img{vertical-align:middle;display:inline-block}<\/style>\t\t\t\t\t\t\t\t\t\t\t\t<img loading=\"lazy\" decoding=\"async\" width=\"1024\" height=\"681\" src=\"https:\/\/teksilindirkapak.com\/wp-content\/uploads\/2023\/10\/helicoil-uygulamasi-1024x681.jpg\" class=\"attachment-large size-large wp-image-48384\" alt=\"\" srcset=\"https:\/\/teksilindirkapak.com\/wp-content\/uploads\/2023\/10\/helicoil-uygulamasi-1024x681.jpg 1024w, https:\/\/teksilindirkapak.com\/wp-content\/uploads\/2023\/10\/helicoil-uygulamasi-300x199.jpg 300w, https:\/\/teksilindirkapak.com\/wp-content\/uploads\/2023\/10\/helicoil-uygulamasi-768x511.jpg 768w, https:\/\/teksilindirkapak.com\/wp-content\/uploads\/2023\/10\/helicoil-uygulamasi-1536x1021.jpg 1536w, https:\/\/teksilindirkapak.com\/wp-content\/uploads\/2023\/10\/helicoil-uygulamasi-2048x1362.jpg 2048w, https:\/\/teksilindirkapak.com\/wp-content\/uploads\/2023\/10\/helicoil-uygulamasi-672x448.jpg 672w, https:\/\/teksilindirkapak.com\/wp-content\/uploads\/2023\/10\/helicoil-uygulamasi-600x399.jpg 600w\" sizes=\"auto, (max-width: 1024px) 100vw, 1024px\" \/>\t\t\t\t\t\t\t\t\t\t\t\t\t\t\t<\/div>\n\t\t\t\t<\/div>\n\t\t\t\t<\/div>\n\t\t<div class=\"elementor-element elementor-element-bf3177d e-con-full e-flex e-con e-child\" data-id=\"bf3177d\" data-element_type=\"container\" data-settings=\"{&quot;content_width&quot;:&quot;full&quot;}\">\n\t\t\t\t<div class=\"elementor-element elementor-element-d1b149e elementor-widget elementor-widget-text-editor\" data-id=\"d1b149e\" data-element_type=\"widget\" data-widget_type=\"text-editor.default\">\n\t\t\t\t<div class=\"elementor-widget-container\">\n\t\t\t<style>\/*! elementor - v3.16.0 - 20-09-2023 *\/\n.elementor-widget-text-editor.elementor-drop-cap-view-stacked .elementor-drop-cap{background-color:#69727d;color:#fff}.elementor-widget-text-editor.elementor-drop-cap-view-framed .elementor-drop-cap{color:#69727d;border:3px solid;background-color:transparent}.elementor-widget-text-editor:not(.elementor-drop-cap-view-default) .elementor-drop-cap{margin-top:8px}.elementor-widget-text-editor:not(.elementor-drop-cap-view-default) .elementor-drop-cap-letter{width:1em;height:1em}.elementor-widget-text-editor .elementor-drop-cap{float:left;text-align:center;line-height:1;font-size:50px}.elementor-widget-text-editor .elementor-drop-cap-letter{display:inline-block}<\/style>\t\t\t\t<p><span>\u0130\u015flemi bozulmu\u015f olan civata yataklar\u0131n\u0131n tamirinde, imalat ve montaj sonras\u0131 s\u00f6kme takma say\u0131s\u0131n\u0131n fazlal\u0131\u011f\u0131ndan \u00f6t\u00fcr\u00fc olu\u015fan di\u015f bozulmalar\u0131nda ya da titre\u015fim sebebi ile olu\u015facak y\u0131pranma ve gev\u015femeleri engellemek amac\u0131 ile kullan\u0131lan paslanmaz \u00e7elik bazl\u0131 yay sistemleridir.<\/span><\/p>\t\t\t\t\t\t<\/div>\n\t\t\t\t<\/div>\n\t\t\t\t<\/div>\n\t\t\t\t\t<\/div>\n\t\t\t\t<\/div>\n\t\t\t\t\t\t\t<\/div>\n\t\t","protected":false},"excerpt":{"rendered":"<p>\u0130\u015flemi bozulmu\u015f olan civata yataklar\u0131n\u0131n tamirinde, imalat ve montaj sonras\u0131 s\u00f6kme takma say\u0131s\u0131n\u0131n fazlal\u0131\u011f\u0131ndan \u00f6t\u00fcr\u00fc olu\u015fan di\u015f bozulmalar\u0131nda ya da&#8230;<\/p>\n","protected":false},"author":1,"featured_media":0,"parent":48293,"menu_order":0,"comment_status":"closed","ping_status":"closed","template":"","meta":{"footnotes":""},"class_list":["post-48309","page","type-page","status-publish","hentry"],"_links":{"self":[{"href":"https:\/\/teksilindirkapak.com\/index.php\/wp-json\/wp\/v2\/pages\/48309","targetHints":{"allow":["GET"]}}],"collection":[{"href":"https:\/\/teksilindirkapak.com\/index.php\/wp-json\/wp\/v2\/pages"}],"about":[{"href":"https:\/\/teksilindirkapak.com\/index.php\/wp-json\/wp\/v2\/types\/page"}],"author":[{"embeddable":true,"href":"https:\/\/teksilindirkapak.com\/index.php\/wp-json\/wp\/v2\/users\/1"}],"replies":[{"embeddable":true,"href":"https:\/\/teksilindirkapak.com\/index.php\/wp-json\/wp\/v2\/comments?post=48309"}],"version-history":[{"count":4,"href":"https:\/\/teksilindirkapak.com\/index.php\/wp-json\/wp\/v2\/pages\/48309\/revisions"}],"predecessor-version":[{"id":48387,"href":"https:\/\/teksilindirkapak.com\/index.php\/wp-json\/wp\/v2\/pages\/48309\/revisions\/48387"}],"up":[{"embeddable":true,"href":"https:\/\/teksilindirkapak.com\/index.php\/wp-json\/wp\/v2\/pages\/48293"}],"wp:attachment":[{"href":"https:\/\/teksilindirkapak.com\/index.php\/wp-json\/wp\/v2\/media?parent=48309"}],"curies":[{"name":"wp","href":"https:\/\/api.w.org\/{rel}","templated":true}]}}