{"id":48313,"date":"2023-10-03T19:13:52","date_gmt":"2023-10-03T16:13:52","guid":{"rendered":"https:\/\/teksilindirkapak.com\/?page_id=48313"},"modified":"2023-10-03T19:41:41","modified_gmt":"2023-10-03T16:41:41","slug":"referanslar","status":"publish","type":"page","link":"https:\/\/teksilindirkapak.com\/index.php\/referanslar\/","title":{"rendered":"Referanslar"},"content":{"rendered":"<h3 style=\"text-align: center;\">Detayl\u0131 referans bilgisi i\u00e7in firmam\u0131z ile ileti\u015fime ge\u00e7iniz.<\/h3>\n","protected":false},"excerpt":{"rendered":"<p>Detayl\u0131 referans bilgisi i\u00e7in firmam\u0131z ile ileti\u015fime ge\u00e7iniz.<\/p>\n","protected":false},"author":1,"featured_media":0,"parent":0,"menu_order":0,"comment_status":"closed","ping_status":"closed","template":"","meta":{"footnotes":""},"class_list":["post-48313","page","type-page","status-publish","hentry"],"_links":{"self":[{"href":"https:\/\/teksilindirkapak.com\/index.php\/wp-json\/wp\/v2\/pages\/48313","targetHints":{"allow":["GET"]}}],"collection":[{"href":"https:\/\/teksilindirkapak.com\/index.php\/wp-json\/wp\/v2\/pages"}],"about":[{"href":"https:\/\/teksilindirkapak.com\/index.php\/wp-json\/wp\/v2\/types\/page"}],"author":[{"embeddable":true,"href":"https:\/\/teksilindirkapak.com\/index.php\/wp-json\/wp\/v2\/users\/1"}],"replies":[{"embeddable":true,"href":"https:\/\/teksilindirkapak.com\/index.php\/wp-json\/wp\/v2\/comments?post=48313"}],"version-history":[{"count":2,"href":"https:\/\/teksilindirkapak.com\/index.php\/wp-json\/wp\/v2\/pages\/48313\/revisions"}],"predecessor-version":[{"id":48391,"href":"https:\/\/teksilindirkapak.com\/index.php\/wp-json\/wp\/v2\/pages\/48313\/revisions\/48391"}],"wp:attachment":[{"href":"https:\/\/teksilindirkapak.com\/index.php\/wp-json\/wp\/v2\/media?parent=48313"}],"curies":[{"name":"wp","href":"https:\/\/api.w.org\/{rel}","templated":true}]}}